{"id":85,"date":"2026-02-17T10:08:03","date_gmt":"2026-02-17T10:08:03","guid":{"rendered":"https:\/\/angelabelmonte.fpcei.eu\/?page_id=85"},"modified":"2026-03-05T09:06:01","modified_gmt":"2026-03-05T09:06:01","slug":"3-2","status":"publish","type":"page","link":"https:\/\/angelabelmonte.fpcei.eu\/?page_id=85","title":{"rendered":"MARCAS"},"content":{"rendered":"\n<hr class=\"wp-block-separator has-text-color has-alpha-channel-opacity has-background\" style=\"background-color:#fffb00;color:#fffb00\"\/>\n\n\n\n<h2 class=\"wp-block-heading has-text-align-center has-static-buzz-font-family has-xx-large-font-size\">Pioneras <\/h2>\n\n\n\n<hr class=\"wp-block-separator has-text-color has-alpha-channel-opacity has-background\" style=\"background-color:#fffb00;color:#fffb00\"\/>\n\n\n\n<p class=\"has-saint-carell-clean-personal-font-family has-large-font-size\">Dentro del streetwear hay varias marcas que fueron clave para que este estilo se convirtiera en lo que es hoy. Algunas de las m\u00e1s importantes son <kbd><mark style=\"background-color:rgba(0, 0, 0, 0)\" class=\"has-inline-color has-base-color\"><strong>St\u00fcssy<\/strong><\/mark><\/kbd>, considerada una de las primeras en definir la est\u00e9tica urbana; <kbd><strong><mark style=\"background-color:rgba(0, 0, 0, 0)\" class=\"has-inline-color has-base-color\">Supreme<\/mark><\/strong><\/kbd>, que llev\u00f3 el streetwear a otro nivel con su identidad tan reconocible; <strong><mark style=\"background-color:rgba(0, 0, 0, 0)\" class=\"has-inline-color has-base-color\"><kbd>A Bathing Ape (BAPE)<\/kbd><\/mark><\/strong>, que destac\u00f3 por su estilo llamativo y diferente desde Jap\u00f3n; y <strong><mark style=\"background-color:rgba(0, 0, 0, 0)\" class=\"has-inline-color has-base-color\"><kbd>FUBU<\/kbd><\/mark><\/strong>, muy ligada a la cultura hip-hop de los a\u00f1os 90.<\/p>\n\n\n\n<figure class=\"wp-block-gallery has-nested-images columns-default is-cropped wp-block-gallery-1 is-layout-flex wp-block-gallery-is-layout-flex\">\n<figure class=\"wp-block-image size-large\"><a href=\"https:\/\/eu.stussy.com\/?srsltid=AfmBOoraVuHXpMFYHn___czQ6HRJHrTImjM88eoX9Rb4OFgHoMpV6GgS\"><img loading=\"lazy\" decoding=\"async\" width=\"225\" height=\"225\" data-id=\"137\" src=\"https:\/\/angelabelmonte.fpcei.eu\/wp-content\/uploads\/2026\/02\/images-5.png\" alt=\"\" class=\"wp-image-137\" srcset=\"https:\/\/angelabelmonte.fpcei.eu\/wp-content\/uploads\/2026\/02\/images-5.png 225w, https:\/\/angelabelmonte.fpcei.eu\/wp-content\/uploads\/2026\/02\/images-5-150x150.png 150w\" sizes=\"auto, (max-width: 225px) 100vw, 225px\" \/><\/a><\/figure>\n\n\n\n<figure class=\"wp-block-image size-large\"><a href=\"https:\/\/eu.bape.com\/es\"><img loading=\"lazy\" decoding=\"async\" width=\"260\" height=\"250\" data-id=\"135\" src=\"https:\/\/angelabelmonte.fpcei.eu\/wp-content\/uploads\/2026\/02\/A_Bathing_Ape_logo-3.png\" alt=\"\" class=\"wp-image-135\"\/><\/a><\/figure>\n\n\n\n<figure class=\"wp-block-image size-large\"><a href=\"https:\/\/fubu.com\/?srsltid=AfmBOopM7UK4tEx90D4SdD0NO8sR47bwTYhmyfyErQPirkJvthilymlq\"><img loading=\"lazy\" decoding=\"async\" width=\"500\" height=\"500\" data-id=\"136\" src=\"https:\/\/angelabelmonte.fpcei.eu\/wp-content\/uploads\/2026\/02\/FUBU-3.webp\" alt=\"\" class=\"wp-image-136\" srcset=\"https:\/\/angelabelmonte.fpcei.eu\/wp-content\/uploads\/2026\/02\/FUBU-3.webp 500w, https:\/\/angelabelmonte.fpcei.eu\/wp-content\/uploads\/2026\/02\/FUBU-3-300x300.webp 300w, https:\/\/angelabelmonte.fpcei.eu\/wp-content\/uploads\/2026\/02\/FUBU-3-150x150.webp 150w\" sizes=\"auto, (max-width: 500px) 100vw, 500px\" \/><\/a><\/figure>\n<\/figure>\n\n\n\n<figure class=\"wp-block-image size-large\"><a href=\"https:\/\/eu.supreme.com\/pages\/shop\"><img loading=\"lazy\" decoding=\"async\" width=\"1024\" height=\"353\" src=\"https:\/\/angelabelmonte.fpcei.eu\/wp-content\/uploads\/2026\/02\/Supreme-3-1024x353.png\" alt=\"\" class=\"wp-image-134\" srcset=\"https:\/\/angelabelmonte.fpcei.eu\/wp-content\/uploads\/2026\/02\/Supreme-3-1024x353.png 1024w, https:\/\/angelabelmonte.fpcei.eu\/wp-content\/uploads\/2026\/02\/Supreme-3-300x104.png 300w, https:\/\/angelabelmonte.fpcei.eu\/wp-content\/uploads\/2026\/02\/Supreme-3-768x265.png 768w, https:\/\/angelabelmonte.fpcei.eu\/wp-content\/uploads\/2026\/02\/Supreme-3-1536x530.png 1536w, https:\/\/angelabelmonte.fpcei.eu\/wp-content\/uploads\/2026\/02\/Supreme-3-2048x707.png 2048w\" sizes=\"auto, (max-width: 1024px) 100vw, 1024px\" \/><\/a><\/figure>\n\n\n\n<hr class=\"wp-block-separator has-text-color has-alpha-channel-opacity has-background\" style=\"background-color:#fffb00;color:#fffb00\"\/>\n\n\n\n<h2 class=\"wp-block-heading has-text-align-center has-static-buzz-font-family has-xx-large-font-size\">Emergentes <\/h2>\n\n\n\n<hr class=\"wp-block-separator has-text-color has-alpha-channel-opacity has-background\" style=\"background-color:#fffb00;color:#fffb00\"\/>\n\n\n\n<p class=\"has-saint-carell-clean-personal-font-family\">Marcas emergentes como <kbd><strong><mark style=\"background-color:rgba(0, 0, 0, 0)\" class=\"has-inline-color has-base-color\">LoveObsessed<\/mark><\/strong><\/kbd>, conocida por sus estampados llamativos y estilo rom\u00e1ntico urbano; <strong><kbd><mark style=\"background-color:rgba(0, 0, 0, 0)\" class=\"has-inline-color has-base-color\">MadMobb<\/mark><\/kbd><\/strong>, que apuesta por gr\u00e1ficos atrevidos y actitud callejera y <strong><kbd><mark style=\"background-color:rgba(0, 0, 0, 0)\" class=\"has-inline-color has-base-color\">Success<\/mark><\/kbd><\/strong>, que destaca por sus dise\u00f1os minimalistas pero con gran identidad, est\u00e1n marcando tendencia en la moda urbana gracias a sus lanzamientos limitados y fuerte presencia en redes sociales.<\/p>\n\n\n\n<div data-wp-context=\"{ &quot;autoclose&quot;: false, &quot;accordionItems&quot;: [] }\" data-wp-interactive=\"core\/accordion\" role=\"group\" class=\"wp-block-accordion is-layout-flow wp-block-accordion-is-layout-flow\">\n<div data-wp-class--is-open=\"state.isOpen\" data-wp-context=\"{ &quot;id&quot;: &quot;accordion-item-2&quot;, &quot;openByDefault&quot;: false }\" data-wp-init=\"callbacks.initAccordionItems\" data-wp-on-window--hashchange=\"callbacks.hashChange\" class=\"wp-block-accordion-item is-layout-flow wp-block-accordion-item-is-layout-flow\">\n<h3 class=\"wp-block-accordion-heading\"><button aria-expanded=\"false\" aria-controls=\"accordion-item-2-panel\" data-wp-bind--aria-expanded=\"state.isOpen\" data-wp-on--click=\"actions.toggle\" data-wp-on--keydown=\"actions.handleKeyDown\" id=\"accordion-item-2\" type=\"button\" class=\"wp-block-accordion-heading__toggle\"><span class=\"wp-block-accordion-heading__toggle-title\"><\/span><span class=\"wp-block-accordion-heading__toggle-icon\" aria-hidden=\"true\">+<\/span><\/button><\/h3>\n\n\n\n<div inert aria-labelledby=\"accordion-item-2\" data-wp-bind--inert=\"!state.isOpen\" id=\"accordion-item-2-panel\" role=\"region\" class=\"wp-block-accordion-panel is-layout-flow wp-block-accordion-panel-is-layout-flow\">\n<p><\/p>\n<\/div>\n<\/div>\n<\/div>\n\n\n\n<figure class=\"wp-block-gallery has-nested-images columns-default is-cropped wp-block-gallery-3 is-layout-flex wp-block-gallery-is-layout-flex\">\n<figure class=\"wp-block-image size-large\"><a href=\"https:\/\/loveobsessed.es\/password\"><img loading=\"lazy\" decoding=\"async\" width=\"166\" height=\"155\" data-id=\"138\" src=\"https:\/\/angelabelmonte.fpcei.eu\/wp-content\/uploads\/2026\/02\/images-1-3.png\" alt=\"\" class=\"wp-image-138\"\/><\/a><\/figure>\n\n\n\n<figure class=\"wp-block-image size-large\"><a href=\"https:\/\/madmobb.es\/\"><img loading=\"lazy\" decoding=\"async\" width=\"143\" height=\"142\" data-id=\"140\" src=\"https:\/\/angelabelmonte.fpcei.eu\/wp-content\/uploads\/2026\/02\/images-2-2.png\" alt=\"\" class=\"wp-image-140\"\/><\/a><\/figure>\n\n\n\n<figure class=\"wp-block-image size-large\"><a href=\"https:\/\/successoff.com\/\"><img loading=\"lazy\" decoding=\"async\" width=\"142\" height=\"114\" data-id=\"139\" src=\"https:\/\/angelabelmonte.fpcei.eu\/wp-content\/uploads\/2026\/02\/images-4-2.png\" alt=\"\" class=\"wp-image-139\"\/><\/a><\/figure>\n<\/figure>\n\n\n<iframe loading=\"lazy\" class=\"embed-pdf-viewer\" src=\"https:\/\/angelabelmonte.fpcei.eu\/wp-content\/uploads\/2026\/03\/streetwear-the-new-exclusivity.pdf\" height=\"600\" width=\"600\" title=\"Array\"><\/iframe>","protected":false},"excerpt":{"rendered":"<p>Pioneras Dentro del streetwear hay varias marcas que fueron clave para que este estilo se convirtiera en lo que es hoy. Algunas de las m\u00e1s importantes son St\u00fcssy, considerada una de las primeras en definir la est\u00e9tica urbana; Supreme, que llev\u00f3 el streetwear a otro nivel con su identidad tan reconocible; A Bathing Ape (BAPE), [&hellip;]<\/p>\n","protected":false},"author":2,"featured_media":0,"parent":0,"menu_order":0,"comment_status":"closed","ping_status":"closed","template":"","meta":{"footnotes":""},"class_list":["post-85","page","type-page","status-publish","hentry"],"_links":{"self":[{"href":"https:\/\/angelabelmonte.fpcei.eu\/index.php?rest_route=\/wp\/v2\/pages\/85","targetHints":{"allow":["GET"]}}],"collection":[{"href":"https:\/\/angelabelmonte.fpcei.eu\/index.php?rest_route=\/wp\/v2\/pages"}],"about":[{"href":"https:\/\/angelabelmonte.fpcei.eu\/index.php?rest_route=\/wp\/v2\/types\/page"}],"author":[{"embeddable":true,"href":"https:\/\/angelabelmonte.fpcei.eu\/index.php?rest_route=\/wp\/v2\/users\/2"}],"replies":[{"embeddable":true,"href":"https:\/\/angelabelmonte.fpcei.eu\/index.php?rest_route=%2Fwp%2Fv2%2Fcomments&post=85"}],"version-history":[{"count":6,"href":"https:\/\/angelabelmonte.fpcei.eu\/index.php?rest_route=\/wp\/v2\/pages\/85\/revisions"}],"predecessor-version":[{"id":297,"href":"https:\/\/angelabelmonte.fpcei.eu\/index.php?rest_route=\/wp\/v2\/pages\/85\/revisions\/297"}],"wp:attachment":[{"href":"https:\/\/angelabelmonte.fpcei.eu\/index.php?rest_route=%2Fwp%2Fv2%2Fmedia&parent=85"}],"curies":[{"name":"wp","href":"https:\/\/api.w.org\/{rel}","templated":true}]}}